{"id":777,"date":"2026-02-16T17:40:56","date_gmt":"2026-02-16T17:40:56","guid":{"rendered":"https:\/\/oasisdesjardins.com\/?post_type=product&#038;p=777"},"modified":"2026-02-16T17:40:56","modified_gmt":"2026-02-16T17:40:56","slug":"la-maisonnette-rouge-gorge","status":"publish","type":"product","link":"https:\/\/oasisdesjardins.com\/?product=la-maisonnette-rouge-gorge","title":{"rendered":"La maisonnette &#8211; Rouge-gorge"},"content":{"rendered":"<p data-start=\"274\" data-end=\"891\"><strong data-start=\"274\" data-end=\"306\">La Maisonnette \u2013 Rouge-gorge<\/strong> est un refuge artisanal en bois, au design inspir\u00e9 d\u2019une petite maison ouverte sur la nature. Pens\u00e9e pour les oiseaux semi-cavernicoles, elle se distingue par une ouverture en fente qui reproduit fid\u00e8lement les sites de nidification naturels du rouge-gorge. Sobre et \u00e9l\u00e9gante, elle dispose d\u2019un toit ouvrant avec loquet pour un nettoyage facile, d\u2019une gravure laser et d\u2019une finition ext\u00e9rieure prot\u00e9g\u00e9e par un vernis \u00e9cologique. L\u2019int\u00e9rieur reste brut pour garantir un environnement sain et confortable. Fabriqu\u00e9e en France, elle transforme votre jardin en un abri discret et vivant.<\/p>\n<p data-start=\"893\" data-end=\"915\"><strong data-start=\"893\" data-end=\"915\">Caract\u00e9ristiques :<\/strong><\/p>\n<ul data-start=\"917\" data-end=\"1566\">\n<li data-start=\"917\" data-end=\"1061\">\n<p data-start=\"919\" data-end=\"1061\"><strong data-start=\"919\" data-end=\"927\">Bois<\/strong> : pin naturel \u00e9pais, trait\u00e9 \u00e0 l\u2019ext\u00e9rieur avec un vernis biologique, int\u00e9rieur non trait\u00e9 pour \u00e9viter toute contamination chimique.<\/p>\n<\/li>\n<li data-start=\"1062\" data-end=\"1144\">\n<p data-start=\"1064\" data-end=\"1144\"><strong data-start=\"1064\" data-end=\"1076\">Finition<\/strong> : brou de noix appliqu\u00e9 pour r\u00e9v\u00e9ler la beaut\u00e9 naturelle du bois.<\/p>\n<\/li>\n<li data-start=\"1145\" data-end=\"1254\">\n<p data-start=\"1147\" data-end=\"1254\"><strong data-start=\"1147\" data-end=\"1155\">Toit<\/strong> : charni\u00e8re pour un nettoyage annuel facile et un loquet avec ressort pour une fermeture solide.<\/p>\n<\/li>\n<li data-start=\"1255\" data-end=\"1369\">\n<p data-start=\"1257\" data-end=\"1369\"><strong data-start=\"1257\" data-end=\"1270\">Ouverture<\/strong> : fente horizontale, sp\u00e9cialement adapt\u00e9e aux rouges-gorges et autres oiseaux semi-cavernicoles.<\/p>\n<\/li>\n<li data-start=\"1370\" data-end=\"1566\">\n<p data-start=\"1372\" data-end=\"1566\"><strong data-start=\"1372\" data-end=\"1378\">Nb<\/strong> : Le refuge est volontairement con\u00e7u sans perchoir : les rouges-gorges nichent dans des cavit\u00e9s ouvertes et n\u2019ont pas besoin de support pour entrer, et cela limite l\u2019acc\u00e8s aux pr\u00e9dateurs<\/p>\n<\/li>\n<\/ul>\n","protected":false},"excerpt":{"rendered":"<p>La Maisonnette \u2013 Rouge-gorge est un refuge artisanal en bois, au design inspir\u00e9 d\u2019une petite maison ouverte sur la nature. [&hellip;]<\/p>\n","protected":false},"featured_media":649,"comment_status":"open","ping_status":"closed","template":"","meta":{"site-sidebar-layout":"default","site-content-layout":"","ast-site-content-layout":"default","site-content-style":"default","site-sidebar-style":"default","ast-global-header-display":"","ast-banner-title-visibility":"","ast-main-header-display":"","ast-hfb-above-header-display":"","ast-hfb-below-header-display":"","ast-hfb-mobile-header-display":"","site-post-title":"","ast-breadcrumbs-content":"","ast-featured-img":"","footer-sml-layout":"","ast-disable-related-posts":"","theme-transparent-header-meta":"default","adv-header-id-meta":"","stick-header-meta":"","header-above-stick-meta":"","header-main-stick-meta":"","header-below-stick-meta":"","astra-migrate-meta-layouts":"set","ast-page-background-enabled":"default","ast-page-background-meta":{"desktop":{"background-color":"var(--ast-global-color-4)","background-image":"","background-repeat":"repeat","background-position":"center center","background-size":"auto","background-attachment":"scroll","background-type":"","background-media":"","overlay-type":"","overlay-color":"","overlay-opacity":"","overlay-gradient":""},"tablet":{"background-color":"","background-image":"","background-repeat":"repeat","background-position":"center center","background-size":"auto","background-attachment":"scroll","background-type":"","background-media":"","overlay-type":"","overlay-color":"","overlay-opacity":"","overlay-gradient":""},"mobile":{"background-color":"","background-image":"","background-repeat":"repeat","background-position":"center center","background-size":"auto","background-attachment":"scroll","background-type":"","background-media":"","overlay-type":"","overlay-color":"","overlay-opacity":"","overlay-gradient":""}},"ast-content-background-meta":{"desktop":{"background-color":"var(--ast-global-color-5)","background-image":"","background-repeat":"repeat","background-position":"center center","background-size":"auto","background-attachment":"scroll","background-type":"","background-media":"","overlay-type":"","overlay-color":"","overlay-opacity":"","overlay-gradient":""},"tablet":{"background-color":"var(--ast-global-color-5)","background-image":"","background-repeat":"repeat","background-position":"center center","background-size":"auto","background-attachment":"scroll","background-type":"","background-media":"","overlay-type":"","overlay-color":"","overlay-opacity":"","overlay-gradient":""},"mobile":{"background-color":"var(--ast-global-color-5)","background-image":"","background-repeat":"repeat","background-position":"center center","background-size":"auto","background-attachment":"scroll","background-type":"","background-media":"","overlay-type":"","overlay-color":"","overlay-opacity":"","overlay-gradient":""}}},"product_brand":[],"product_cat":[19],"product_tag":[],"class_list":{"0":"post-777","1":"product","2":"type-product","3":"status-publish","4":"has-post-thumbnail","6":"product_cat-non-classe","7":"desktop-align-center","8":"tablet-align-left","9":"mobile-align-left","11":"first","12":"instock","13":"shipping-taxable","14":"purchasable","15":"product-type-simple"},"jetpack_sharing_enabled":true,"_links":{"self":[{"href":"https:\/\/oasisdesjardins.com\/index.php?rest_route=\/wp\/v2\/product\/777","targetHints":{"allow":["GET"]}}],"collection":[{"href":"https:\/\/oasisdesjardins.com\/index.php?rest_route=\/wp\/v2\/product"}],"about":[{"href":"https:\/\/oasisdesjardins.com\/index.php?rest_route=\/wp\/v2\/types\/product"}],"replies":[{"embeddable":true,"href":"https:\/\/oasisdesjardins.com\/index.php?rest_route=%2Fwp%2Fv2%2Fcomments&post=777"}],"wp:featuredmedia":[{"embeddable":true,"href":"https:\/\/oasisdesjardins.com\/index.php?rest_route=\/wp\/v2\/media\/649"}],"wp:attachment":[{"href":"https:\/\/oasisdesjardins.com\/index.php?rest_route=%2Fwp%2Fv2%2Fmedia&parent=777"}],"wp:term":[{"taxonomy":"product_brand","embeddable":true,"href":"https:\/\/oasisdesjardins.com\/index.php?rest_route=%2Fwp%2Fv2%2Fproduct_brand&post=777"},{"taxonomy":"product_cat","embeddable":true,"href":"https:\/\/oasisdesjardins.com\/index.php?rest_route=%2Fwp%2Fv2%2Fproduct_cat&post=777"},{"taxonomy":"product_tag","embeddable":true,"href":"https:\/\/oasisdesjardins.com\/index.php?rest_route=%2Fwp%2Fv2%2Fproduct_tag&post=777"}],"curies":[{"name":"wp","href":"https:\/\/api.w.org\/{rel}","templated":true}]}}